{"id":45,"date":"2017-06-14T08:22:56","date_gmt":"2017-06-14T08:22:56","guid":{"rendered":"http:\/\/dummy.xtemos.com\/woodmart\/?post_type=product&#038;p=45"},"modified":"2022-04-26T16:53:56","modified_gmt":"2022-04-26T13:53:56","slug":"smart-watches-wood-edition","status":"publish","type":"product","link":"https:\/\/artxdeco.com\/?product=smart-watches-wood-edition","title":{"rendered":"Ah\u015fap Saat"},"content":{"rendered":"<div class=\"wpb-content-wrapper\"><p>[vc_row content_placement=&#8221;top&#8221;][vc_column width=&#8221;1\/2&#8243;]\t\t<div id=\"wd-6267f8fe017f2\" class=\"wd-text-block wd-wpb reset-last-child wd-rs-6267f8fe017f2 text-left \">\n\t\t\t<div><strong>Ah\u015fap Saat Evrim ge\u00e7irdi<\/strong><\/div>\n<div>Stefan Andr\u00e9n ile birlikte tasarlanan Grovemade Wood Watch, zaman i\u015fleyi\u015finde evrim ge\u00e7irmi\u015ftir.\u00a0Birinci s\u0131n\u0131f Amerikan sert a\u011fa\u00e7lar\u0131ndan yap\u0131lm\u0131\u015f bu devrim niteli\u011findeki saati takt\u0131\u011f\u0131n\u0131zda ak\u0131ll\u0131 telefonunuza daha az bak\u0131n.\u00a0T\u00fcm bir ger\u00e7ekler evreninin yan\u0131 s\u0131ra tam zaman\u0131 cebinizde ta\u015f\u0131d\u0131\u011f\u0131n\u0131z\u0131 biliyoruz.\u00a0Wood Watch, ak\u0131ll\u0131 telefonunuzu de\u011fi\u015ftirmeye \u00e7al\u0131\u015fmaz;\u00a0zaman\u0131 deneyimlemenin ba\u015fka bir yolunu sunar.<\/div>\n<div><\/div>\n<div><\/div>\n<div><\/div>\n<div><strong>Zaman\u0131 D\u00fc\u015f\u00fcnmenin Yeni Bir Yolu<\/strong><br \/>\nWood Watch&#8217;\u0131n 12 pencereli ikonik y\u00fcz\u00fc, Oregon Claro Walnut ve Eastern Hardrock Maple&#8217;\u0131n g\u00fczelli\u011fini g\u00f6zler \u00f6n\u00fcne seriyor.\u00a0Ve zaman\u0131 \u00f6z\u00fcne kadar basitle\u015ftirmek i\u00e7in modern dairesel eller, zaman\u0131 do\u011fal olarak deneyimlemenize yard\u0131mc\u0131 olur.\u00a0G\u00fcn\u00fcn neresinde oldu\u011funuzu bilmek i\u00e7in daha dokunsal bir yakla\u015f\u0131m.<\/div>\n<div><\/div>\n<div>Yapt\u0131k Size en kaliteli ah\u015fap saati sunmak i\u00e7in g\u00fcvenilir, s\u0131n\u0131f\u0131n\u0131n en iyisi sat\u0131c\u0131larla ortakl\u0131k yap\u0131yoruz.\u00a0\u00d6zel dahili zaman i\u015fleyi\u015fi mod\u00fcl\u00fcm\u00fcz, deneyimli bir deniza\u015f\u0131r\u0131 saat \u00fcreticisi taraf\u0131ndan yap\u0131lm\u0131\u015ft\u0131r.\u00a0Paslanmaz \u00e7elik kasa, Portland, Oregon&#8217;daki arkada\u015flar\u0131m\u0131z taraf\u0131ndan i\u015flendi.\u00a0At\u00f6lyemizde hassas ah\u015fap elemanlar\u0131 i\u015fliyor, metal bile\u015fenleri bitiriyor, deri kay\u0131\u015flar\u0131 yap\u0131yor ve son montaj\u0131 tamaml\u0131yoruz.<\/div>\n<div><\/div>\n<div>Saat 2022&#8217;\u00fcn sonlar\u0131na \/ 2023&#8217;in ba\u015flar\u0131na kadar piyasada olmayacak. \u00d6ncelikli sevkiyat i\u00e7in \u015fimdi \u00f6n sipari\u015finizi verin ve bu saati alacak ilk ki\u015filerden biri olun.<\/div>\n\t\t<\/div>\n\t\t[\/vc_column][vc_column width=&#8221;1\/2&#8243; css=&#8221;.vc_custom_1490694541710{padding-top: 0px !important;}&#8221;][vc_row_inner content_placement=&#8221;top&#8221;][vc_column_inner width=&#8221;1\/2&#8243; css=&#8221;.vc_custom_1490695008312{margin-bottom: 20px !important;}&#8221;][vc_single_image image=&#8221;7173&#8243; img_size=&#8221;full&#8221; parallax_scroll=&#8221;no&#8221; woodmart_inline=&#8221;no&#8221;][\/vc_column_inner][vc_column_inner width=&#8221;1\/2&#8243; css=&#8221;.vc_custom_1490695011353{margin-bottom: 20px !important;}&#8221;][vc_single_image image=&#8221;7170&#8243; img_size=&#8221;full&#8221; parallax_scroll=&#8221;no&#8221; woodmart_inline=&#8221;no&#8221;][\/vc_column_inner][vc_column_inner width=&#8221;1\/2&#8243; css=&#8221;.vc_custom_1490694847874{margin-bottom: 20px !important;}&#8221;][vc_single_image image=&#8221;7171&#8243; img_size=&#8221;full&#8221; parallax_scroll=&#8221;no&#8221; woodmart_inline=&#8221;no&#8221;][\/vc_column_inner][vc_column_inner width=&#8221;1\/2&#8243; css=&#8221;.vc_custom_1490694856753{margin-bottom: 20px !important;}&#8221;][vc_single_image image=&#8221;7172&#8243; img_size=&#8221;full&#8221; parallax_scroll=&#8221;no&#8221; woodmart_inline=&#8221;no&#8221;][\/vc_column_inner][\/vc_row_inner][\/vc_column][\/vc_row]<\/p>\n<\/div>","protected":false},"excerpt":{"rendered":"<p><strong>Materyal Odakl\u0131 Tasar\u0131m<\/strong><br \/>\nTipik bir saat al\u0131p metal ve plastik aksamlar\u0131 ah\u015fapla de\u011fi\u015ftirmek yerine, bir Japon hareketiyle ba\u015flayarak Ah\u015fap Saati s\u0131f\u0131rdan yaratt\u0131k.\u00a0Kullan\u0131lan her malzeme kendine \u00f6zg\u00fc \u00f6zellikleri i\u00e7in d\u00fc\u015f\u00fcn\u00fclm\u00fc\u015ft\u00fcr: paslanmaz \u00e7elik \u00e7ekirdek g\u00fc\u00e7 verir, en iyi yerli bitkisel tabaklanm\u0131\u015f deri kay\u0131\u015flar zamanla yumu\u015far ve Oregon Claro Walnut ve Eastern Hardrock Maple&#8217;\u0131n e\u015fsiz dokusu ve g\u00fczelli\u011fi saatin kadran\u0131nda sergilenir.<\/p>\n","protected":false},"featured_media":873,"comment_status":"open","ping_status":"closed","template":"","meta":[],"product_brand":[],"product_cat":[104,73,70],"product_tag":[],"class_list":{"0":"post-45","1":"product","2":"type-product","3":"status-publish","4":"has-post-thumbnail","6":"product_cat-kol-saatleri","7":"product_cat-taki-ve-aksesuar","8":"product_cat-zaman-onemli","9":"pa_marka-artxdeco","11":"first","12":"outofstock","13":"shipping-taxable","14":"product-type-simple"},"_links":{"self":[{"href":"https:\/\/artxdeco.com\/index.php?rest_route=\/wp\/v2\/product\/45","targetHints":{"allow":["GET"]}}],"collection":[{"href":"https:\/\/artxdeco.com\/index.php?rest_route=\/wp\/v2\/product"}],"about":[{"href":"https:\/\/artxdeco.com\/index.php?rest_route=\/wp\/v2\/types\/product"}],"replies":[{"embeddable":true,"href":"https:\/\/artxdeco.com\/index.php?rest_route=%2Fwp%2Fv2%2Fcomments&post=45"}],"wp:featuredmedia":[{"embeddable":true,"href":"https:\/\/artxdeco.com\/index.php?rest_route=\/wp\/v2\/media\/873"}],"wp:attachment":[{"href":"https:\/\/artxdeco.com\/index.php?rest_route=%2Fwp%2Fv2%2Fmedia&parent=45"}],"wp:term":[{"taxonomy":"product_brand","embeddable":true,"href":"https:\/\/artxdeco.com\/index.php?rest_route=%2Fwp%2Fv2%2Fproduct_brand&post=45"},{"taxonomy":"product_cat","embeddable":true,"href":"https:\/\/artxdeco.com\/index.php?rest_route=%2Fwp%2Fv2%2Fproduct_cat&post=45"},{"taxonomy":"product_tag","embeddable":true,"href":"https:\/\/artxdeco.com\/index.php?rest_route=%2Fwp%2Fv2%2Fproduct_tag&post=45"}],"curies":[{"name":"wp","href":"https:\/\/api.w.org\/{rel}","templated":true}]}}