{"id":7176,"date":"2022-04-26T17:35:59","date_gmt":"2022-04-26T14:35:59","guid":{"rendered":"https:\/\/artxdeco.com\/?post_type=product&#038;p=7176"},"modified":"2022-04-26T17:37:53","modified_gmt":"2022-04-26T14:37:53","slug":"ahsap-ozel-basim-kalemlik","status":"publish","type":"product","link":"https:\/\/artxdeco.com\/?product=ahsap-ozel-basim-kalemlik","title":{"rendered":"Ah\u015fap \u00d6zel Bas\u0131m Kalemlik"},"content":{"rendered":"<table class=\"table table-striped table-sm\">\n<tbody>\n<tr>\n<th scope=\"row\">\n<div class=\"title\">Kod<\/div>\n<\/th>\n<td class=\"text-danger\">MO-K-01201<\/td>\n<\/tr>\n<tr>\n<th scope=\"row\">\n<div class=\"title\">Birim Fiyat\u0131<\/div>\n<\/th>\n<td class=\"text-danger\">59,00\u00a0<i class=\"fa fa-try\" aria-hidden=\"true\"><\/i><\/td>\n<\/tr>\n<tr>\n<th scope=\"row\">\n<div class=\"title\">Ebat<\/div>\n<\/th>\n<td>23,4 x 9 x 7,5 cm<\/td>\n<\/tr>\n<tr>\n<th scope=\"row\">\n<div class=\"title\">Merkez Stok<\/div>\n<\/th>\n<td>3.080<\/td>\n<\/tr>\n<tr>\n<th scope=\"row\">\n<div class=\"title\">Toplam Stok<\/div>\n<\/th>\n<td>3.080<\/td>\n<\/tr>\n<\/tbody>\n<\/table>\n","protected":false},"excerpt":{"rendered":"<p>Bu \u00fcr\u00fcn sipari\u015f \u00fczerine\u00a0<strong>istenildi\u011fi kadar \u00fcretilebilir.<\/strong>\u00a0L\u00fctfen termin s\u00fcresi isteyiniz.<\/p>\n<p>\u00dcr\u00fcn \u00fczerine dilerseniz bask\u0131 yap\u0131labilir. (bas\u0131m fiyat\u0131 ayr\u0131ca hesaplanmaktad\u0131r) Bas\u0131m yap\u0131lacak g\u00f6rseli siparis@artxdeco.com adresine g\u00f6ndermenizi ve site \u00fczerinden verece\u011finiz sipari\u015fte not k\u0131sm\u0131na bask\u0131l\u0131 olaca\u011f\u0131n\u0131 belirtmenizi rica ederiz.<\/p>\n","protected":false},"featured_media":7166,"comment_status":"open","ping_status":"closed","template":"","meta":[],"product_brand":[],"product_cat":[99,28],"product_tag":[112,110],"class_list":{"0":"post-7176","1":"product","2":"type-product","3":"status-publish","4":"has-post-thumbnail","6":"product_cat-kalemlikler","7":"product_cat-masana-ozel","8":"product_tag-basili-kalemlik","9":"product_tag-kalemlik","11":"first","12":"instock","13":"sale","14":"shipping-taxable","15":"purchasable","16":"product-type-simple"},"_links":{"self":[{"href":"https:\/\/artxdeco.com\/index.php?rest_route=\/wp\/v2\/product\/7176","targetHints":{"allow":["GET"]}}],"collection":[{"href":"https:\/\/artxdeco.com\/index.php?rest_route=\/wp\/v2\/product"}],"about":[{"href":"https:\/\/artxdeco.com\/index.php?rest_route=\/wp\/v2\/types\/product"}],"replies":[{"embeddable":true,"href":"https:\/\/artxdeco.com\/index.php?rest_route=%2Fwp%2Fv2%2Fcomments&post=7176"}],"wp:featuredmedia":[{"embeddable":true,"href":"https:\/\/artxdeco.com\/index.php?rest_route=\/wp\/v2\/media\/7166"}],"wp:attachment":[{"href":"https:\/\/artxdeco.com\/index.php?rest_route=%2Fwp%2Fv2%2Fmedia&parent=7176"}],"wp:term":[{"taxonomy":"product_brand","embeddable":true,"href":"https:\/\/artxdeco.com\/index.php?rest_route=%2Fwp%2Fv2%2Fproduct_brand&post=7176"},{"taxonomy":"product_cat","embeddable":true,"href":"https:\/\/artxdeco.com\/index.php?rest_route=%2Fwp%2Fv2%2Fproduct_cat&post=7176"},{"taxonomy":"product_tag","embeddable":true,"href":"https:\/\/artxdeco.com\/index.php?rest_route=%2Fwp%2Fv2%2Fproduct_tag&post=7176"}],"curies":[{"name":"wp","href":"https:\/\/api.w.org\/{rel}","templated":true}]}}