{"id":7178,"date":"2022-04-26T19:01:15","date_gmt":"2022-04-26T16:01:15","guid":{"rendered":"https:\/\/artxdeco.com\/?post_type=product&#038;p=7178"},"modified":"2024-03-04T22:28:25","modified_gmt":"2024-03-04T19:28:25","slug":"sihirli-ve-egitici-boyama-kartlari","status":"publish","type":"product","link":"https:\/\/artxdeco.com\/?product=sihirli-ve-egitici-boyama-kartlari","title":{"rendered":"Sihirli ve E\u011fitici Boyanm\u0131\u015f Kaz\u0131ma Kartlar\u0131"},"content":{"rendered":"<div class=\"wpb-content-wrapper\"><p>[vc_row][vc_column width=&#8221;1\/2&#8243;][vc_column_text woodmart_inline=&#8221;no&#8221; text_larger=&#8221;no&#8221;]<span class=\"property-title\" data-spm-anchor-id=\"a2g0o.detail.0.i14.6b3019f0zYJPG0\">K\u00f6ken: <\/span><span class=\"property-desc line-limit-length\" title=\"CN (k\u00f6keni)\">CN<\/span><\/p>\n<p><span class=\"property-title\">Malzeme:\u00a0<\/span><span class=\"property-desc line-limit-length\" title=\"K\u00e2\u011f\u0131t\">K\u00e2\u011f\u0131t<\/span><\/p>\n<p><span class=\"property-title\">Tavsiye edilen ya\u015f: <\/span><span class=\"property-desc line-limit-length\" title=\"7-12y\">7-12y<\/span><\/p>\n<p><span class=\"property-title\">Model numaras\u0131: BL-BK-02200<\/span><\/p>\n<p><span class=\"property-title\">uyar\u0131: Ate\u015ften uzak turun<\/span><\/p>\n<p><span class=\"property-title\">Cinsiyet:\u00a0<\/span><span class=\"property-desc line-limit-length\" title=\"\u00dcniseks\">Uniseks<\/span><\/p>\n<p><span class=\"property-title\">T\u00fcr:\u00a0<\/span><span class=\"property-desc line-limit-length\" title=\"kaz\u0131ma Boyama\">kaz\u0131ma Boyama<\/span><\/p>\n<p><span class=\"property-title\">S\u0131n\u0131fland\u0131rma: <\/span><span class=\"property-desc line-limit-length\" title=\"Notebook \/ Boyama Notebook \u00d6\u011frenme Boya\">Boyama \u00d6\u011frenme Boya<\/span>[\/vc_column_text][\/vc_column][vc_column width=&#8221;1\/2&#8243;][vc_video link=&#8221;https:\/\/www.youtube.com\/watch?v=tXXfplPjRcg&#8221; image_poster_switch=&#8221;no&#8221;][\/vc_column][\/vc_row]<\/p>\n<\/div>","protected":false},"excerpt":{"rendered":"<p>[vc_row][vc_column width=&#8221;1\/2&#8243;][vc_column_text woodmart_inline=&#8221;no&#8221; text_larger=&#8221;no&#8221;]K\u00f6ken: CN Malzeme:\u00a0K\u00e2\u011f\u0131t Tavsiye edilen ya\u015f: 7-12y Model numaras\u0131: BL-BK-02200 uyar\u0131: Ate\u015ften uzak turun Cinsiyet:\u00a0Uniseks T\u00fcr:\u00a0kaz\u0131ma Boyama<\/p>\n","protected":false},"featured_media":7183,"comment_status":"open","ping_status":"closed","template":"","meta":[],"product_brand":[],"product_cat":[21,113],"product_tag":[115,114,118,157,158,116],"class_list":{"0":"post-7178","1":"product","2":"type-product","3":"status-publish","4":"has-post-thumbnail","6":"product_cat-boyamak-lazim","7":"product_cat-boyanmis-kazima-kartlari","8":"product_tag-boya-karti","9":"product_tag-boyama","10":"product_tag-cocuk","11":"product_tag-egitim","12":"product_tag-etkinlik","13":"product_tag-unicorn","15":"first","16":"instock","17":"shipping-taxable","18":"purchasable","19":"product-type-variable"},"_links":{"self":[{"href":"https:\/\/artxdeco.com\/index.php?rest_route=\/wp\/v2\/product\/7178","targetHints":{"allow":["GET"]}}],"collection":[{"href":"https:\/\/artxdeco.com\/index.php?rest_route=\/wp\/v2\/product"}],"about":[{"href":"https:\/\/artxdeco.com\/index.php?rest_route=\/wp\/v2\/types\/product"}],"replies":[{"embeddable":true,"href":"https:\/\/artxdeco.com\/index.php?rest_route=%2Fwp%2Fv2%2Fcomments&post=7178"}],"wp:featuredmedia":[{"embeddable":true,"href":"https:\/\/artxdeco.com\/index.php?rest_route=\/wp\/v2\/media\/7183"}],"wp:attachment":[{"href":"https:\/\/artxdeco.com\/index.php?rest_route=%2Fwp%2Fv2%2Fmedia&parent=7178"}],"wp:term":[{"taxonomy":"product_brand","embeddable":true,"href":"https:\/\/artxdeco.com\/index.php?rest_route=%2Fwp%2Fv2%2Fproduct_brand&post=7178"},{"taxonomy":"product_cat","embeddable":true,"href":"https:\/\/artxdeco.com\/index.php?rest_route=%2Fwp%2Fv2%2Fproduct_cat&post=7178"},{"taxonomy":"product_tag","embeddable":true,"href":"https:\/\/artxdeco.com\/index.php?rest_route=%2Fwp%2Fv2%2Fproduct_tag&post=7178"}],"curies":[{"name":"wp","href":"https:\/\/api.w.org\/{rel}","templated":true}]}}