{"id":7194,"date":"2022-05-02T20:23:53","date_gmt":"2022-05-02T17:23:53","guid":{"rendered":"https:\/\/artxdeco.com\/?post_type=product&#038;p=7194"},"modified":"2022-05-02T20:25:26","modified_gmt":"2022-05-02T17:25:26","slug":"roket-boy-olcer","status":"publish","type":"product","link":"https:\/\/artxdeco.com\/?product=roket-boy-olcer","title":{"rendered":"Roket Boy \u00d6l\u00e7er"},"content":{"rendered":"<div class=\"wpb-content-wrapper\"><p>[vc_row][vc_column]\n\t\t<div id=\"wd-627011ced0eb4\" class=\"title-wrapper wd-wpb wd-set-mb reset-last-child  wd-rs-627011ced0eb4 wd-title-color-default wd-title-style-default text-center  wd-underline-colored\">\n\t\t\t\n\t\t\t<div class=\"liner-continer\">\n\t\t\t\t<h4 class=\"woodmart-title-container title  wd-font-weight- wd-fontsize-l\" >Roket Boy \u00d6l\u00e7er Geli\u015fim Tablosu Duvar Sticker\u0131<br \/>\n(Eko solvent boyal\u0131)<\/h4>\n\t\t\t\t\t\t\t<\/div>\n\t\t\t\n\t\t\t\n\t\t\t\n\t\t<\/div>\n\t\t\n\t\t[\/vc_column][\/vc_row][vc_row][vc_column width=&#8221;1\/2&#8243;][vc_column_text woodmart_inline=&#8221;no&#8221; text_larger=&#8221;no&#8221;]*Odalar\u0131 e\u011flenceli hale d\u00f6n\u00fc\u015ft\u00fcrmenin ve b\u00fcy\u00fcmesini izlemenin e\u011flenceli yolu,<br \/>\n*Odas\u0131na yap\u0131\u015ft\u0131r\u0131n ve \u00e7ocu\u011funuzun d\u00fczenli olarak boyunu \u00f6l\u00e7\u00fcn,<br \/>\n*Dilerseniz \u00fczerine asetatl\u0131 kalemle tarih, \u00e7ocuklar\u0131n\u0131z\u0131n ya\u015f\u0131n\u0131 veya ad\u0131n\u0131 yazabilirsiniz.<br \/>\n*Kolayca yap\u0131\u015ft\u0131r\u0131l\u0131r, kolayca s\u00f6k\u00fcl\u00fcr.<br \/>\n*Ya\u011fl\u0131 boya, saten boya, ah\u015fap, cam, mobilya, plastik gibi t\u00fcm p\u00fcr\u00fczs\u00fcz y\u00fczeylere uygulanabilir, s\u00f6k\u00fcld\u00fc\u011f\u00fcnde iz b\u0131rakmaz<br \/>\n(P\u00fcr\u00fczl\u00fc, \u00e7\u0131k\u0131nt\u0131l\u0131 ve zor y\u00fczeylere uygulanamaz.)<\/p>\n<p>\u00dcretildi\u011fi Malzeme:<br \/>\nArka y\u00fczeyi yap\u0131\u015fkanl\u0131 polyester malzemeden \u00fcretilmi\u015ftir<\/p>\n<p>Temizlenme \u00d6zellikleri:<br \/>\nHafif nemli bez ile silinebilir[\/vc_column_text][\/vc_column][vc_column width=&#8221;1\/2&#8243;][vc_single_image image=&#8221;7195&#8243; img_size=&#8221;full&#8221; parallax_scroll=&#8221;no&#8221; woodmart_inline=&#8221;no&#8221;][\/vc_column][\/vc_row]<\/p>\n<\/div>","protected":false},"excerpt":{"rendered":"<p>[vc_row][vc_column][\/vc_column][\/vc_row][vc_row][vc_column width=&#8221;1\/2&#8243;][vc_column_text woodmart_inline=&#8221;no&#8221; text_larger=&#8221;no&#8221;]*Odalar\u0131 e\u011flenceli hale d\u00f6n\u00fc\u015ft\u00fcrmenin ve b\u00fcy\u00fcmesini izlemenin e\u011flenceli yolu, *Odas\u0131na yap\u0131\u015ft\u0131r\u0131n ve \u00e7ocu\u011funuzun d\u00fczenli olarak boyunu \u00f6l\u00e7\u00fcn,<\/p>\n","protected":false},"featured_media":7196,"comment_status":"open","ping_status":"closed","template":"","meta":[],"product_brand":[],"product_cat":[75,49,93,29],"product_tag":[121,118,120,119,123,122,125,124],"class_list":{"0":"post-7194","1":"product","2":"type-product","3":"status-publish","4":"has-post-thumbnail","6":"product_cat-duvar-sticker","7":"product_cat-duvarini-senlendir","8":"product_cat-poster-afis","9":"product_cat-yapistirmali-urunler","10":"product_tag-cikartma","11":"product_tag-cocuk","12":"product_tag-cocuk-gelisimi","13":"product_tag-cocukodasi","14":"product_tag-duvarkagidi","15":"product_tag-duvarsticker","16":"product_tag-rocket","17":"product_tag-spacex","18":"pa_marka-artxdeco","20":"first","21":"instock","22":"sale","23":"shipping-taxable","24":"purchasable","25":"product-type-simple"},"_links":{"self":[{"href":"https:\/\/artxdeco.com\/index.php?rest_route=\/wp\/v2\/product\/7194","targetHints":{"allow":["GET"]}}],"collection":[{"href":"https:\/\/artxdeco.com\/index.php?rest_route=\/wp\/v2\/product"}],"about":[{"href":"https:\/\/artxdeco.com\/index.php?rest_route=\/wp\/v2\/types\/product"}],"replies":[{"embeddable":true,"href":"https:\/\/artxdeco.com\/index.php?rest_route=%2Fwp%2Fv2%2Fcomments&post=7194"}],"wp:featuredmedia":[{"embeddable":true,"href":"https:\/\/artxdeco.com\/index.php?rest_route=\/wp\/v2\/media\/7196"}],"wp:attachment":[{"href":"https:\/\/artxdeco.com\/index.php?rest_route=%2Fwp%2Fv2%2Fmedia&parent=7194"}],"wp:term":[{"taxonomy":"product_brand","embeddable":true,"href":"https:\/\/artxdeco.com\/index.php?rest_route=%2Fwp%2Fv2%2Fproduct_brand&post=7194"},{"taxonomy":"product_cat","embeddable":true,"href":"https:\/\/artxdeco.com\/index.php?rest_route=%2Fwp%2Fv2%2Fproduct_cat&post=7194"},{"taxonomy":"product_tag","embeddable":true,"href":"https:\/\/artxdeco.com\/index.php?rest_route=%2Fwp%2Fv2%2Fproduct_tag&post=7194"}],"curies":[{"name":"wp","href":"https:\/\/api.w.org\/{rel}","templated":true}]}}