{"id":7208,"date":"2022-05-03T11:23:42","date_gmt":"2022-05-03T08:23:42","guid":{"rendered":"https:\/\/artxdeco.com\/?post_type=product&#038;p=7208"},"modified":"2022-05-03T17:05:05","modified_gmt":"2022-05-03T14:05:05","slug":"bebek-dinazor-boy-olcer","status":"publish","type":"product","link":"https:\/\/artxdeco.com\/?product=bebek-dinazor-boy-olcer","title":{"rendered":"Bebek Dinazor Boy \u00d6l\u00e7er"},"content":{"rendered":"<div class=\"wpb-content-wrapper\"><p>[vc_row][vc_column]\n\t\t<div id=\"wd-6270e5481436e\" class=\"title-wrapper wd-wpb wd-set-mb reset-last-child  wd-rs-6270e5481436e wd-title-color-default wd-title-style-default text-center  wd-underline-colored\">\n\t\t\t\n\t\t\t<div class=\"liner-continer\">\n\t\t\t\t<h4 class=\"woodmart-title-container title  wd-font-weight- wd-fontsize-l\" >Bebek Dinazor Boy \u00d6l\u00e7er Geli\u015fim Tablosu Duvar Sticker\u0131 (Eko solvent boyal\u0131)<\/h4>\n\t\t\t\t\t\t\t<\/div>\n\t\t\t\n\t\t\t\n\t\t\t\n\t\t<\/div>\n\t\t\n\t\t[\/vc_column][\/vc_row][vc_row][vc_column width=&#8221;2\/3&#8243;][vc_column_text woodmart_inline=&#8221;no&#8221; text_larger=&#8221;no&#8221;]*Odalar\u0131 e\u011flenceli hale d\u00f6n\u00fc\u015ft\u00fcrmenin ve b\u00fcy\u00fcmesini izlemenin e\u011flenceli yolu,<br \/>\n*Odas\u0131na yap\u0131\u015ft\u0131r\u0131n ve \u00e7ocu\u011funuzun d\u00fczenli olarak boyunu \u00f6l\u00e7\u00fcn,<br \/>\n*Dilerseniz \u00fczerine asetatl\u0131 kalemle tarih, \u00e7ocuklar\u0131n\u0131z\u0131n ya\u015f\u0131n\u0131 veya ad\u0131n\u0131 yazabilirsiniz.<br \/>\n*Kolayca yap\u0131\u015ft\u0131r\u0131l\u0131r, kolayca s\u00f6k\u00fcl\u00fcr.<br \/>\n*Ya\u011fl\u0131 boya, saten boya, ah\u015fap, cam, mobilya, plastik gibi t\u00fcm p\u00fcr\u00fczs\u00fcz y\u00fczeylere uygulanabilir, s\u00f6k\u00fcld\u00fc\u011f\u00fcnde iz b\u0131rakmaz<br \/>\n(P\u00fcr\u00fczl\u00fc, \u00e7\u0131k\u0131nt\u0131l\u0131 ve zor y\u00fczeylere uygulanamaz.)<br \/>\n*Hafif nemli bez ile silinebilir,<br \/>\n*Arka y\u00fczeyi yap\u0131\u015fkanl\u0131 polyester malzemeden \u00fcretilmi\u015ftir.[\/vc_column_text][\/vc_column][vc_column width=&#8221;1\/3&#8243;][vc_single_image image=&#8221;7210&#8243; img_size=&#8221;500&#215;500&#8243; parallax_scroll=&#8221;no&#8221; woodmart_inline=&#8221;no&#8221;][\/vc_column][\/vc_row]<\/p>\n<\/div>","protected":false},"excerpt":{"rendered":"<p>[vc_row][vc_column][\/vc_column][\/vc_row][vc_row][vc_column width=&#8221;2\/3&#8243;][vc_column_text woodmart_inline=&#8221;no&#8221; text_larger=&#8221;no&#8221;]*Odalar\u0131 e\u011flenceli hale d\u00f6n\u00fc\u015ft\u00fcrmenin ve b\u00fcy\u00fcmesini izlemenin e\u011flenceli yolu, *Odas\u0131na yap\u0131\u015ft\u0131r\u0131n ve \u00e7ocu\u011funuzun d\u00fczenli olarak boyunu \u00f6l\u00e7\u00fcn,<\/p>\n","protected":false},"featured_media":7209,"comment_status":"open","ping_status":"closed","template":"","meta":[],"product_brand":[],"product_cat":[75,49,93,29],"product_tag":[133,131,136,118,120,119,127,123,122,141,140,126,132,134,137,139,135,138],"class_list":{"0":"post-7208","1":"product","2":"type-product","3":"status-publish","4":"has-post-thumbnail","6":"product_cat-duvar-sticker","7":"product_cat-duvarini-senlendir","8":"product_cat-poster-afis","9":"product_cat-yapistirmali-urunler","10":"product_tag-ankylosaurus","11":"product_tag-babydino","12":"product_tag-ceratopsian","13":"product_tag-cocuk","14":"product_tag-cocuk-gelisimi","15":"product_tag-cocukodasi","16":"product_tag-dinazortreni","17":"product_tag-duvarkagidi","18":"product_tag-duvarsticker","19":"product_tag-kid","20":"product_tag-kids","21":"product_tag-pterosaur","22":"product_tag-raptor","23":"product_tag-sauropod","24":"product_tag-stegosaurus","25":"product_tag-supermario","26":"product_tag-tiranozor","27":"product_tag-yoshi","28":"pa_marka-artxdeco","30":"first","31":"instock","32":"sale","33":"shipping-taxable","34":"purchasable","35":"product-type-simple"},"_links":{"self":[{"href":"https:\/\/artxdeco.com\/index.php?rest_route=\/wp\/v2\/product\/7208","targetHints":{"allow":["GET"]}}],"collection":[{"href":"https:\/\/artxdeco.com\/index.php?rest_route=\/wp\/v2\/product"}],"about":[{"href":"https:\/\/artxdeco.com\/index.php?rest_route=\/wp\/v2\/types\/product"}],"replies":[{"embeddable":true,"href":"https:\/\/artxdeco.com\/index.php?rest_route=%2Fwp%2Fv2%2Fcomments&post=7208"}],"wp:featuredmedia":[{"embeddable":true,"href":"https:\/\/artxdeco.com\/index.php?rest_route=\/wp\/v2\/media\/7209"}],"wp:attachment":[{"href":"https:\/\/artxdeco.com\/index.php?rest_route=%2Fwp%2Fv2%2Fmedia&parent=7208"}],"wp:term":[{"taxonomy":"product_brand","embeddable":true,"href":"https:\/\/artxdeco.com\/index.php?rest_route=%2Fwp%2Fv2%2Fproduct_brand&post=7208"},{"taxonomy":"product_cat","embeddable":true,"href":"https:\/\/artxdeco.com\/index.php?rest_route=%2Fwp%2Fv2%2Fproduct_cat&post=7208"},{"taxonomy":"product_tag","embeddable":true,"href":"https:\/\/artxdeco.com\/index.php?rest_route=%2Fwp%2Fv2%2Fproduct_tag&post=7208"}],"curies":[{"name":"wp","href":"https:\/\/api.w.org\/{rel}","templated":true}]}}