{"id":7231,"date":"2022-05-03T16:31:29","date_gmt":"2022-05-03T13:31:29","guid":{"rendered":"https:\/\/artxdeco.com\/?post_type=product&#038;p=7231"},"modified":"2022-05-03T17:23:41","modified_gmt":"2022-05-03T14:23:41","slug":"beyaz-katranli-metal-duvar-saati","status":"publish","type":"product","link":"https:\/\/artxdeco.com\/?product=beyaz-katranli-metal-duvar-saati","title":{"rendered":"Beyaz Kadranl\u0131 Metal Duvar Saati"},"content":{"rendered":"<div class=\"wpb-content-wrapper\"><p>[vc_row][vc_column width=&#8221;1\/2&#8243;][vc_column_text woodmart_inline=&#8221;no&#8221; text_larger=&#8221;no&#8221;]<\/p>\n<table class=\"table table-striped table-sm\">\n<tbody>\n<tr>\n<th scope=\"row\">\n<div class=\"title\">Kod<\/div>\n<\/th>\n<td>ZO-DS-2160<\/td>\n<\/tr>\n<tr>\n<th scope=\"row\">\n<div class=\"title\">Birim Fiyat\u0131<\/div>\n<\/th>\n<td>212,00 \u20ba<i class=\"fa fa-try\" aria-hidden=\"true\"><\/i><\/td>\n<\/tr>\n<tr>\n<th scope=\"row\">\n<div class=\"title\">\u00c7ap\u0131<\/div>\n<\/th>\n<td>\u00d8 35 cm<\/td>\n<\/tr>\n<\/tbody>\n<\/table>\n<div><\/div>\n<p>[\/vc_column_text][\/vc_column][vc_column width=&#8221;1\/2&#8243;][vc_single_image image=&#8221;7228&#8243; img_size=&#8221;full&#8221; parallax_scroll=&#8221;no&#8221; woodmart_inline=&#8221;no&#8221;][\/vc_column][\/vc_row]<\/p>\n<\/div>","protected":false},"excerpt":{"rendered":"<div class=\"card-header\"><strong>\u00dcr\u00fcn \u00d6zellikleri<\/strong><\/div>\n<div class=\"card-body\">\n \t<i class=\"fa fa-angle-double-right\" aria-hidden=\"true\"><\/i>\u00a0Kromajl\u0131 Metal<br \/>\n \t<i class=\"fa fa-angle-double-right\" aria-hidden=\"true\"><\/i>\u00a0Mineral Cam<br \/>\n \t<i class=\"fa fa-angle-double-right\" aria-hidden=\"true\"><\/i>\u00a0Akar Saniye<br \/>\n \t<i class=\"fa fa-angle-double-right\" aria-hidden=\"true\"><\/i>\u00a0Bristol Kadran\n<\/div>\n","protected":false},"featured_media":7224,"comment_status":"open","ping_status":"closed","template":"","meta":[],"product_brand":[],"product_cat":[103,92,49,70],"product_tag":[150,151,148,146,147,149],"class_list":{"0":"post-7231","1":"product","2":"type-product","3":"status-publish","4":"has-post-thumbnail","6":"product_cat-duvar-saatleri-zaman-onemli","7":"product_cat-duvar-saatleri","8":"product_cat-duvarini-senlendir","9":"product_cat-zaman-onemli","10":"product_tag-clock","11":"product_tag-dekorasyon","12":"product_tag-duvar-saati","13":"product_tag-metal-duvar-saati","14":"product_tag-saat","15":"product_tag-wall-clock","17":"first","18":"instock","19":"sale","20":"shipping-taxable","21":"purchasable","22":"product-type-simple"},"_links":{"self":[{"href":"https:\/\/artxdeco.com\/index.php?rest_route=\/wp\/v2\/product\/7231","targetHints":{"allow":["GET"]}}],"collection":[{"href":"https:\/\/artxdeco.com\/index.php?rest_route=\/wp\/v2\/product"}],"about":[{"href":"https:\/\/artxdeco.com\/index.php?rest_route=\/wp\/v2\/types\/product"}],"replies":[{"embeddable":true,"href":"https:\/\/artxdeco.com\/index.php?rest_route=%2Fwp%2Fv2%2Fcomments&post=7231"}],"wp:featuredmedia":[{"embeddable":true,"href":"https:\/\/artxdeco.com\/index.php?rest_route=\/wp\/v2\/media\/7224"}],"wp:attachment":[{"href":"https:\/\/artxdeco.com\/index.php?rest_route=%2Fwp%2Fv2%2Fmedia&parent=7231"}],"wp:term":[{"taxonomy":"product_brand","embeddable":true,"href":"https:\/\/artxdeco.com\/index.php?rest_route=%2Fwp%2Fv2%2Fproduct_brand&post=7231"},{"taxonomy":"product_cat","embeddable":true,"href":"https:\/\/artxdeco.com\/index.php?rest_route=%2Fwp%2Fv2%2Fproduct_cat&post=7231"},{"taxonomy":"product_tag","embeddable":true,"href":"https:\/\/artxdeco.com\/index.php?rest_route=%2Fwp%2Fv2%2Fproduct_tag&post=7231"}],"curies":[{"name":"wp","href":"https:\/\/api.w.org\/{rel}","templated":true}]}}