{"id":7234,"date":"2022-05-03T19:34:54","date_gmt":"2022-05-03T16:34:54","guid":{"rendered":"https:\/\/artxdeco.com\/?post_type=product&#038;p=7234"},"modified":"2022-05-03T19:37:10","modified_gmt":"2022-05-03T16:37:10","slug":"dev-metal-duvar-saati","status":"publish","type":"product","link":"https:\/\/artxdeco.com\/?product=dev-metal-duvar-saati","title":{"rendered":"Dev Metal Duvar Saati"},"content":{"rendered":"<div class=\"wpb-content-wrapper\"><p>[vc_row][vc_column width=&#8221;1\/2&#8243;][vc_column_text woodmart_inline=&#8221;no&#8221; text_larger=&#8221;no&#8221;]<\/p>\n<table class=\"table table-striped table-sm\">\n<tbody>\n<tr>\n<th scope=\"row\">\n<div class=\"title\" style=\"text-align: left;\">Kod<\/div>\n<\/th>\n<td style=\"text-align: left;\">ZO-DS-2180-AE<\/td>\n<\/tr>\n<tr>\n<th scope=\"row\">\n<div class=\"title\" style=\"text-align: left;\">Birim Fiyat\u0131<\/div>\n<\/th>\n<td>220,00 \u20ba<\/td>\n<\/tr>\n<tr>\n<th scope=\"row\">\n<div class=\"title\" style=\"text-align: left;\">\u00c7ap\u0131 (\u00d8)<\/div>\n<\/th>\n<td>119 cm<\/td>\n<\/tr>\n<tr>\n<th scope=\"row\">\n<div class=\"title\" style=\"text-align: left;\">Saat Makinesi<\/div>\n<\/th>\n<td>10 cm<\/td>\n<\/tr>\n<tr>\n<th scope=\"row\">\n<div class=\"title\" style=\"text-align: left;\">Saat Akrep<\/div>\n<\/th>\n<td>31,5 cm<\/td>\n<\/tr>\n<tr>\n<th scope=\"row\">\n<div class=\"title\" style=\"text-align: left;\">Yelkovan<\/div>\n<\/th>\n<td>39 cm<\/td>\n<\/tr>\n<tr>\n<th scope=\"row\">\n<div class=\"title\" style=\"text-align: left;\">Uygulama<\/div>\n<\/th>\n<td>EVA \u00c7ift Tarafl\u0131 K\u00f6p\u00fck Bant<\/td>\n<\/tr>\n<tr>\n<th scope=\"row\">\n<div class=\"title\" style=\"text-align: left;\">Malzeme<\/div>\n<\/th>\n<td>Metal<\/td>\n<\/tr>\n<\/tbody>\n<\/table>\n<p>[\/vc_column_text][\/vc_column][vc_column width=&#8221;1\/2&#8243;][vc_single_image image=&#8221;7237&#8243; img_size=&#8221;full&#8221; parallax_scroll=&#8221;no&#8221; woodmart_inline=&#8221;no&#8221;][\/vc_column][\/vc_row]<\/p>\n<\/div>","protected":false},"excerpt":{"rendered":"<p>*Kuvars duvar saati, 119 cm \u00e7ap\u0131nda,<br \/>\n*EVA marka \u00e7ift tarafl\u0131 bant yard\u0131m\u0131yla kutu i\u00e7erisinde bulunan \u015fablon ile kolayca duvara uygulan\u0131r,<br \/>\n*Kolayca yap\u0131\u015ft\u0131r\u0131l\u0131r, kolayca s\u00f6k\u00fcl\u00fcr,<br \/>\n*Ya\u011fl\u0131 boya, saten boya, ah\u015fap, cam, mobilya, plastik gibi t\u00fcm p\u00fcr\u00fczs\u00fcz y\u00fczeylere uygulanabilir,<br \/>\n(P\u00fcr\u00fczl\u00fc, \u00e7\u0131k\u0131nt\u0131l\u0131 ve zor y\u00fczeylere uygulanas\u0131nda \u00e7ift tarafl\u0131 bant\u0131n yan\u0131s\u0131ra silikonda kullan\u0131lmal\u0131d\u0131r.)<\/p>\n","protected":false},"featured_media":7235,"comment_status":"open","ping_status":"closed","template":"","meta":[],"product_brand":[],"product_cat":[92,103,49,70],"product_tag":[150,151,156,148,146,147,149],"class_list":{"0":"post-7234","1":"product","2":"type-product","3":"status-publish","4":"has-post-thumbnail","6":"product_cat-duvar-saatleri","7":"product_cat-duvar-saatleri-zaman-onemli","8":"product_cat-duvarini-senlendir","9":"product_cat-zaman-onemli","10":"product_tag-clock","11":"product_tag-dekorasyon","12":"product_tag-dev-duvar-saati","13":"product_tag-duvar-saati","14":"product_tag-metal-duvar-saati","15":"product_tag-saat","16":"product_tag-wall-clock","18":"first","19":"instock","20":"sale","21":"sold-individually","22":"shipping-taxable","23":"purchasable","24":"product-type-simple"},"_links":{"self":[{"href":"https:\/\/artxdeco.com\/index.php?rest_route=\/wp\/v2\/product\/7234","targetHints":{"allow":["GET"]}}],"collection":[{"href":"https:\/\/artxdeco.com\/index.php?rest_route=\/wp\/v2\/product"}],"about":[{"href":"https:\/\/artxdeco.com\/index.php?rest_route=\/wp\/v2\/types\/product"}],"replies":[{"embeddable":true,"href":"https:\/\/artxdeco.com\/index.php?rest_route=%2Fwp%2Fv2%2Fcomments&post=7234"}],"wp:featuredmedia":[{"embeddable":true,"href":"https:\/\/artxdeco.com\/index.php?rest_route=\/wp\/v2\/media\/7235"}],"wp:attachment":[{"href":"https:\/\/artxdeco.com\/index.php?rest_route=%2Fwp%2Fv2%2Fmedia&parent=7234"}],"wp:term":[{"taxonomy":"product_brand","embeddable":true,"href":"https:\/\/artxdeco.com\/index.php?rest_route=%2Fwp%2Fv2%2Fproduct_brand&post=7234"},{"taxonomy":"product_cat","embeddable":true,"href":"https:\/\/artxdeco.com\/index.php?rest_route=%2Fwp%2Fv2%2Fproduct_cat&post=7234"},{"taxonomy":"product_tag","embeddable":true,"href":"https:\/\/artxdeco.com\/index.php?rest_route=%2Fwp%2Fv2%2Fproduct_tag&post=7234"}],"curies":[{"name":"wp","href":"https:\/\/api.w.org\/{rel}","templated":true}]}}