{"id":7274,"date":"2022-05-10T00:31:56","date_gmt":"2022-05-09T21:31:56","guid":{"rendered":"https:\/\/artxdeco.com\/?post_type=product&#038;p=7274"},"modified":"2022-05-10T19:18:48","modified_gmt":"2022-05-10T16:18:48","slug":"asci-stickeri-beyaz-esya-duvar-cikartmasi","status":"publish","type":"product","link":"https:\/\/artxdeco.com\/?product=asci-stickeri-beyaz-esya-duvar-cikartmasi","title":{"rendered":"A\u015f\u00e7\u0131 K\u0131z Duvar Sticker\u0131 (Beyaz E\u015fya, Fayans \u00c7\u0131kartmas\u0131)"},"content":{"rendered":"<div class=\"wpb-content-wrapper\"><p>[vc_row][vc_column width=&#8221;1\/2&#8243;][vc_column_text woodmart_inline=&#8221;no&#8221; text_larger=&#8221;no&#8221;]<\/p>\n<ul>\n<li>Mutfak fayanslar\u0131, beyaz e\u015fya y\u00fczeylerine uygulanabilir,<\/li>\n<li>Ya\u011fl\u0131 veya saten boya gibi p\u00fcr\u00fcss\u00fcz olmas\u0131 halinde duvarlara da uygulanabilir.<\/li>\n<li>\u00dcr\u00fcnde kullan\u0131lan boya sa\u011fl\u0131\u011fa zarars\u0131zd\u0131r.<\/li>\n<\/ul>\n<p>[\/vc_column_text][vc_column_text woodmart_inline=&#8221;no&#8221; text_larger=&#8221;no&#8221;]<\/p>\n<table class=\"table table-striped table-sm\">\n<tbody>\n<tr>\n<th scope=\"row\">\n<div class=\"title\" style=\"text-align: left;\">\u00d6zellik<\/div>\n<\/th>\n<td>\u00c7\u0131kar\u0131labilir, su ge\u00e7irmez<\/td>\n<\/tr>\n<tr>\n<th scope=\"row\">\n<div class=\"title\" style=\"text-align: left;\">Birim Fiyat\u0131<\/div>\n<\/th>\n<td>75 TL<\/td>\n<\/tr>\n<tr>\n<th scope=\"row\">\n<div class=\"title\" style=\"text-align: left;\">Ebat<\/div>\n<\/th>\n<td>20x30cm<\/td>\n<\/tr>\n<tr>\n<th scope=\"row\">\n<div class=\"title\" style=\"text-align: left;\">Renk:<\/div>\n<\/th>\n<td>Siyah<\/td>\n<\/tr>\n<tr>\n<th scope=\"row\">\n<div class=\"title\" style=\"text-align: left;\">Malzeme:<\/div>\n<\/th>\n<td>Folyo (PVC)<\/td>\n<\/tr>\n<tr>\n<th scope=\"row\">\n<div class=\"title\" style=\"text-align: left;\">Uygulama<\/div>\n<\/th>\n<td>Kendinden Yap\u0131\u015fkanl\u0131<\/td>\n<\/tr>\n<\/tbody>\n<\/table>\n<p>[\/vc_column_text][\/vc_column][vc_column width=&#8221;1\/2&#8243;][vc_single_image image=&#8221;7273&#8243; img_size=&#8221;full&#8221; parallax_scroll=&#8221;no&#8221; woodmart_inline=&#8221;no&#8221;][\/vc_column][\/vc_row]<\/p>\n<\/div>","protected":false},"excerpt":{"rendered":"<p>1. Sipari\u015f etmeden \u00f6nce, l\u00fctfen yap\u0131\u015ft\u0131rmay\u0131 d\u00fc\u015f\u00fcnd\u00fc\u011f\u00fcn\u00fcz y\u00fczeyin temiz ve d\u00fcz oldu\u011fundan emin olun.<br \/>\n2. Ger\u00e7ek renk resimden %5 farkl\u0131 olabilir.<br \/>\n3. Uygulamay\u0131 rahat yapman\u0131z i\u00e7in transferle birlikte g\u00f6nderilecektir.<\/p>\n","protected":false},"featured_media":7272,"comment_status":"open","ping_status":"closed","template":"","meta":[],"product_brand":[],"product_cat":[77,89,75,49,82,29],"product_tag":[159,160,151,162,161,182],"class_list":{"0":"post-7274","1":"product","2":"type-product","3":"status-publish","4":"has-post-thumbnail","6":"product_cat-beyaz-esya-sticker","7":"product_cat-duvar-resimleri","8":"product_cat-duvar-sticker","9":"product_cat-duvarini-senlendir","10":"product_cat-mutfak-sticker","11":"product_cat-yapistirmali-urunler","12":"product_tag-asci-sticker","13":"product_tag-beyaz-esya-cikartmasi","14":"product_tag-dekorasyon","15":"product_tag-fayans-folyo","16":"product_tag-fayans-sticker","17":"product_tag-mutfak-icin-sticker","19":"first","20":"instock","21":"sale","22":"sold-individually","23":"shipping-taxable","24":"purchasable","25":"product-type-simple"},"_links":{"self":[{"href":"https:\/\/artxdeco.com\/index.php?rest_route=\/wp\/v2\/product\/7274","targetHints":{"allow":["GET"]}}],"collection":[{"href":"https:\/\/artxdeco.com\/index.php?rest_route=\/wp\/v2\/product"}],"about":[{"href":"https:\/\/artxdeco.com\/index.php?rest_route=\/wp\/v2\/types\/product"}],"replies":[{"embeddable":true,"href":"https:\/\/artxdeco.com\/index.php?rest_route=%2Fwp%2Fv2%2Fcomments&post=7274"}],"wp:featuredmedia":[{"embeddable":true,"href":"https:\/\/artxdeco.com\/index.php?rest_route=\/wp\/v2\/media\/7272"}],"wp:attachment":[{"href":"https:\/\/artxdeco.com\/index.php?rest_route=%2Fwp%2Fv2%2Fmedia&parent=7274"}],"wp:term":[{"taxonomy":"product_brand","embeddable":true,"href":"https:\/\/artxdeco.com\/index.php?rest_route=%2Fwp%2Fv2%2Fproduct_brand&post=7274"},{"taxonomy":"product_cat","embeddable":true,"href":"https:\/\/artxdeco.com\/index.php?rest_route=%2Fwp%2Fv2%2Fproduct_cat&post=7274"},{"taxonomy":"product_tag","embeddable":true,"href":"https:\/\/artxdeco.com\/index.php?rest_route=%2Fwp%2Fv2%2Fproduct_tag&post=7274"}],"curies":[{"name":"wp","href":"https:\/\/api.w.org\/{rel}","templated":true}]}}