{"id":7279,"date":"2022-05-10T00:56:46","date_gmt":"2022-05-09T21:56:46","guid":{"rendered":"https:\/\/artxdeco.com\/?post_type=product&#038;p=7279"},"modified":"2022-05-10T02:08:46","modified_gmt":"2022-05-09T23:08:46","slug":"seffaf-akrilik-plexiglass-boya-paleti","status":"publish","type":"product","link":"https:\/\/artxdeco.com\/?product=seffaf-akrilik-plexiglass-boya-paleti","title":{"rendered":"\u015eeffaf Akrilik (Plexiglass) Boya Paleti"},"content":{"rendered":"<div class=\"wpb-content-wrapper\"><p>[vc_row][vc_column width=&#8221;1\/2&#8243;][vc_single_image image=&#8221;7277&#8243; img_size=&#8221;full&#8221; parallax_scroll=&#8221;no&#8221; woodmart_inline=&#8221;no&#8221;][\/vc_column][vc_column width=&#8221;1\/2&#8243;][vc_single_image image=&#8221;7275&#8243; img_size=&#8221;full&#8221; parallax_scroll=&#8221;no&#8221; woodmart_inline=&#8221;no&#8221;][\/vc_column][\/vc_row]<\/p>\n<\/div>","protected":false},"excerpt":{"rendered":"<p>1. Sipari\u015f etmeden \u00f6nce, l\u00fctfen yap\u0131\u015ft\u0131rmay\u0131 d\u00fc\u015f\u00fcnd\u00fc\u011f\u00fcn\u00fcz y\u00fczeyin temiz ve d\u00fcz oldu\u011fundan emin olun.<br \/>\n2. Ger\u00e7ek renk resimden %5 farkl\u0131 olabilir.<br \/>\n3. Uygulamay\u0131 rahat yapman\u0131z i\u00e7in transferle birlikte g\u00f6nderilecektir.<\/p>\n","protected":false},"featured_media":7278,"comment_status":"open","ping_status":"closed","template":"","meta":[],"product_brand":[],"product_cat":[77,21,75,82,86,29],"product_tag":[168,166,164,167,163,165],"class_list":{"0":"post-7279","1":"product","2":"type-product","3":"status-publish","4":"has-post-thumbnail","6":"product_cat-beyaz-esya-sticker","7":"product_cat-boyamak-lazim","8":"product_cat-duvar-sticker","9":"product_cat-mutfak-sticker","10":"product_cat-yagli-boya-setleri","11":"product_cat-yapistirmali-urunler","12":"product_tag-akrilik-boya-paleti","13":"product_tag-guaj-boya-paleti","14":"product_tag-sanatci-paleti","15":"product_tag-seffaf-palet","16":"product_tag-yagli-boya","17":"product_tag-yagli-boya-paleti","19":"first","20":"instock","21":"sale","22":"sold-individually","23":"shipping-taxable","24":"purchasable","25":"product-type-simple"},"_links":{"self":[{"href":"https:\/\/artxdeco.com\/index.php?rest_route=\/wp\/v2\/product\/7279","targetHints":{"allow":["GET"]}}],"collection":[{"href":"https:\/\/artxdeco.com\/index.php?rest_route=\/wp\/v2\/product"}],"about":[{"href":"https:\/\/artxdeco.com\/index.php?rest_route=\/wp\/v2\/types\/product"}],"replies":[{"embeddable":true,"href":"https:\/\/artxdeco.com\/index.php?rest_route=%2Fwp%2Fv2%2Fcomments&post=7279"}],"wp:featuredmedia":[{"embeddable":true,"href":"https:\/\/artxdeco.com\/index.php?rest_route=\/wp\/v2\/media\/7278"}],"wp:attachment":[{"href":"https:\/\/artxdeco.com\/index.php?rest_route=%2Fwp%2Fv2%2Fmedia&parent=7279"}],"wp:term":[{"taxonomy":"product_brand","embeddable":true,"href":"https:\/\/artxdeco.com\/index.php?rest_route=%2Fwp%2Fv2%2Fproduct_brand&post=7279"},{"taxonomy":"product_cat","embeddable":true,"href":"https:\/\/artxdeco.com\/index.php?rest_route=%2Fwp%2Fv2%2Fproduct_cat&post=7279"},{"taxonomy":"product_tag","embeddable":true,"href":"https:\/\/artxdeco.com\/index.php?rest_route=%2Fwp%2Fv2%2Fproduct_tag&post=7279"}],"curies":[{"name":"wp","href":"https:\/\/api.w.org\/{rel}","templated":true}]}}