{"id":7304,"date":"2022-05-10T15:54:09","date_gmt":"2022-05-10T12:54:09","guid":{"rendered":"https:\/\/artxdeco.com\/?post_type=product&#038;p=7304"},"modified":"2022-05-10T19:17:17","modified_gmt":"2022-05-10T16:17:17","slug":"kanvas-tablo-turkuaz-bereli-kiz","status":"publish","type":"product","link":"https:\/\/artxdeco.com\/?product=kanvas-tablo-turkuaz-bereli-kiz","title":{"rendered":"Kanvas Tablo &#8220;Turkuaz Bereli K\u0131z&#8221;"},"content":{"rendered":"<div class=\"wpb-content-wrapper\"><p>[vc_row][vc_column width=&#8221;1\/2&#8243;][vc_column_text woodmart_inline=&#8221;no&#8221; text_larger=&#8221;no&#8221;]<\/p>\n<table class=\"table table-striped table-sm\">\n<tbody>\n<tr>\n<th scope=\"row\">\n<div class=\"title\" style=\"text-align: left;\">Kod<\/div>\n<\/th>\n<td style=\"text-align: left;\">DS-KT-3392<\/td>\n<\/tr>\n<tr>\n<th scope=\"row\">\n<div class=\"title\" style=\"text-align: left;\">Birim Fiyat\u0131<\/div>\n<\/th>\n<td>Se\u00e7ti\u011finiz Ebata G\u00f6re Belirlenir<\/td>\n<\/tr>\n<tr>\n<th scope=\"row\">\n<div class=\"title\" style=\"text-align: left;\">Ebatlar<\/div>\n<\/th>\n<td>135x90cm<br \/>\n105x70cm<br \/>\n90x90cm<br \/>\n90x70cm<br \/>\n70x70cm<\/td>\n<\/tr>\n<tr>\n<th scope=\"row\">\n<div class=\"title\" style=\"text-align: left;\">Malzeme<\/div>\n<\/th>\n<td>Pamuklu Kanvas Kuma\u015f\u0131<\/td>\n<\/tr>\n<tr>\n<th scope=\"row\">\n<div class=\"title\" style=\"text-align: left;\">Uygulama<\/div>\n<\/th>\n<td>\u00c7iviye asarak veya kenarlardan \u00e7ift tarafl\u0131 bant ile<\/td>\n<\/tr>\n<tr>\n<th scope=\"row\">\n<div class=\"title\" style=\"text-align: left;\">Bask\u0131<\/div>\n<\/th>\n<td>Y\u00fcksek \u00c7\u00f6z\u00fcn\u00fcrl\u00fckl\u00fc Eko Solvent<\/td>\n<\/tr>\n<\/tbody>\n<\/table>\n<p>[\/vc_column_text][vc_column_text woodmart_inline=&#8221;no&#8221; text_larger=&#8221;no&#8221;]\u2022 %100 yerli \u00fcr\u00fcnd\u00fcr.<\/p>\n<p>\u2022 Tablo \u00fczerindeki g\u00f6rsel kenarlara yans\u0131ma yaparak devam etmektedir.B\u00f6ylelikle tablo \u00fczerindeki g\u00f6rselden kay\u0131p olmaz.<\/p>\n<p>\u2022 Kuru bez ve hafif toz t\u00fcyleri ile rahatl\u0131kla temizlenebilir,<\/p>\n<p>G\u00fcle g\u00fcle kullanman\u0131z dile\u011fiyle ;)[\/vc_column_text][\/vc_column][vc_column width=&#8221;1\/2&#8243;][vc_gallery interval=&#8221;3&#8243; images=&#8221;7307,7305&#8243; img_size=&#8221;500&#215;500&#8243;][\/vc_column][\/vc_row]<\/p>\n<\/div>","protected":false},"excerpt":{"rendered":"<p><span class=\"ILfuVd\"><span class=\"hgKElc\"><strong>Kanvas tablolar\u0131m\u0131z<\/strong> y\u00fcksek kalite, %100 pamuk kuma\u015f \u00fczerine y\u00fcksek \u00e7\u00f6z\u00fcn\u00fcrl\u00fckl\u00fc eko solvent dijital bask\u0131 tekni\u011fi ile \u00fcretilen duvar dekorasyonu \u00fcr\u00fcnlerimizdendir.<br \/>\n<\/span><\/span><\/p>\n<p><span class=\"ILfuVd\"><span class=\"hgKElc\">\u00dcr\u00fcnlerimiz ah\u015fap kasnak \u00fczerine z\u0131mba ile sabitlenerek \u00fcretilmektedir. Genellikle \u00e7er\u00e7evesiz kullan\u0131m\u0131 tercih edilmekle birlikte dilerseniz \u00fcr\u00fcn\u00fc teslim ald\u0131ktan sonra \u00e7er\u00e7eveletebilirsiniz.<\/span><\/span><\/p>\n<p>&nbsp;<\/p>\n","protected":false},"featured_media":7308,"comment_status":"open","ping_status":"closed","template":"","meta":[],"product_brand":[],"product_cat":[103,49,90,70],"product_tag":[151,172,171,174,170,173],"class_list":{"0":"post-7304","1":"product","2":"type-product","3":"status-publish","4":"has-post-thumbnail","6":"product_cat-duvar-saatleri-zaman-onemli","7":"product_cat-duvarini-senlendir","8":"product_cat-kanvas-tablo","9":"product_cat-zaman-onemli","10":"product_tag-dekorasyon","11":"product_tag-kanvas-tablo","12":"product_tag-kucuk-kiz-tablosu","13":"product_tag-sanatci-tablo","14":"product_tag-tablo","15":"product_tag-yagli-boya-tablo","17":"first","18":"instock","19":"sale","20":"sold-individually","21":"shipping-taxable","22":"purchasable","23":"product-type-variable"},"_links":{"self":[{"href":"https:\/\/artxdeco.com\/index.php?rest_route=\/wp\/v2\/product\/7304","targetHints":{"allow":["GET"]}}],"collection":[{"href":"https:\/\/artxdeco.com\/index.php?rest_route=\/wp\/v2\/product"}],"about":[{"href":"https:\/\/artxdeco.com\/index.php?rest_route=\/wp\/v2\/types\/product"}],"replies":[{"embeddable":true,"href":"https:\/\/artxdeco.com\/index.php?rest_route=%2Fwp%2Fv2%2Fcomments&post=7304"}],"wp:featuredmedia":[{"embeddable":true,"href":"https:\/\/artxdeco.com\/index.php?rest_route=\/wp\/v2\/media\/7308"}],"wp:attachment":[{"href":"https:\/\/artxdeco.com\/index.php?rest_route=%2Fwp%2Fv2%2Fmedia&parent=7304"}],"wp:term":[{"taxonomy":"product_brand","embeddable":true,"href":"https:\/\/artxdeco.com\/index.php?rest_route=%2Fwp%2Fv2%2Fproduct_brand&post=7304"},{"taxonomy":"product_cat","embeddable":true,"href":"https:\/\/artxdeco.com\/index.php?rest_route=%2Fwp%2Fv2%2Fproduct_cat&post=7304"},{"taxonomy":"product_tag","embeddable":true,"href":"https:\/\/artxdeco.com\/index.php?rest_route=%2Fwp%2Fv2%2Fproduct_tag&post=7304"}],"curies":[{"name":"wp","href":"https:\/\/api.w.org\/{rel}","templated":true}]}}